{"id":2609,"date":"2022-09-07T17:32:02","date_gmt":"2022-09-07T16:32:02","guid":{"rendered":"https:\/\/www.cervejariatrindade.pt\/el-restaurante\/"},"modified":"2023-11-20T12:09:06","modified_gmt":"2023-11-20T12:09:06","slug":"el-restaurante","status":"publish","type":"page","link":"https:\/\/www.cervejariatrindade.pt\/es\/el-restaurante\/","title":{"rendered":"El Restaurante"},"content":{"rendered":"<div class=\"wpb-content-wrapper\"><p>[vc_row content_placement=\u00bbmiddle\u00bb el_class=\u00bbseccao-normal hero-restaurante\u00bb][vc_column width=\u00bb1\/2&#8243; el_class=\u00bbhero-img\u00bb][vc_single_image image=\u00bb1838&#8243; img_size=\u00bbfull\u00bb el_class=\u00bbimg-em-arco\u00bb][\/vc_column][vc_column width=\u00bb1\/2&#8243;][vc_column_text]<\/p>\n<h2 style=\"text-align: left;\">FILETES,<br \/>\nMariscos<br \/>\nY TAPAS<\/h2>\n<p>En el Restaurante de la Trindade encontrar\u00e1 una completa carta con entrantes, aut\u00e9nticos platos de carne y pescado, mariscos frescos y postres t\u00edpicos.<\/p>\n<p>Un men\u00fa original, moderno y sabroso.<\/p>\n<p>Para comer bien y disfrutar de buena compa\u00f1\u00eda en el Comedor, la Sala Maria Keil, la Sala de los Arcos y el Claustro.[\/vc_column_text][vc_column_text el_class=\u00bblink\u00bb]<\/p>\n<p style=\"text-align: left;\"><a href=\"https:\/\/www.cervejariatrindade.pt\/es\/menu\/\" target=\"_blank\" rel=\"noopener\">VER MEN\u00da<\/a><\/p>\n<p>[\/vc_column_text][\/vc_column][\/vc_row][vc_row el_class=\u00bbseccao-normal galeria\u00bb][vc_column][vc_row_inner content_placement=\u00bbmiddle\u00bb el_class=\u00bbseccoes-galeria\u00bb][vc_column_inner width=\u00bb4\/12&#8243;][vc_single_image image=\u00bb824&#8243; img_size=\u00bbfull\u00bb el_class=\u00bbimg-galeria\u00bb][vc_single_image image=\u00bb820&#8243; img_size=\u00bbfull\u00bb el_class=\u00bbimg-galeria img-top-negative\u00bb][\/vc_column_inner][vc_column_inner width=\u00bb2\/12&#8243;][\/vc_column_inner][vc_column_inner width=\u00bb6\/12&#8243;][vc_single_image image=\u00bb808&#8243; img_size=\u00bbfull\u00bb el_class=\u00bbimg-galeria\u00bb][\/vc_column_inner][\/vc_row_inner][vc_row_inner content_placement=\u00bbmiddle\u00bb el_class=\u00bbseccoes-galeria\u00bb][vc_column_inner width=\u00bb2\/12&#8243;][\/vc_column_inner][vc_column_inner width=\u00bb4\/12&#8243;][vc_single_image image=\u00bb850&#8243; img_size=\u00bbfull\u00bb el_class=\u00bbimg-galeria\u00bb][\/vc_column_inner][vc_column_inner width=\u00bb1\/12&#8243;][\/vc_column_inner][vc_column_inner width=\u00bb5\/12&#8243;][vc_single_image image=\u00bb828&#8243; img_size=\u00bbfull\u00bb el_class=\u00bbimg-galeria\u00bb][\/vc_column_inner][\/vc_row_inner][vc_row_inner content_placement=\u00bbbottom\u00bb el_class=\u00bbseccoes-galeria\u00bb][vc_column_inner width=\u00bb6\/12&#8243;][vc_single_image image=\u00bb812&#8243; img_size=\u00bbfull\u00bb el_class=\u00bbimg-galeria\u00bb][\/vc_column_inner][vc_column_inner width=\u00bb3\/12&#8243;][vc_single_image image=\u00bb840&#8243; img_size=\u00bbfull\u00bb el_class=\u00bbimg-galeria\u00bb][\/vc_column_inner][vc_column_inner width=\u00bb3\/12&#8243;][\/vc_column_inner][\/vc_row_inner][vc_row_inner content_placement=\u00bbtop\u00bb el_class=\u00bbseccoes-galeria\u00bb][vc_column_inner width=\u00bb1\/3&#8243;][\/vc_column_inner][vc_column_inner width=\u00bb1\/3&#8243;][vc_single_image image=\u00bb832&#8243; img_size=\u00bbfull\u00bb el_class=\u00bbimg-galeria img-top-negative\u00bb][\/vc_column_inner][vc_column_inner width=\u00bb1\/3&#8243;][\/vc_column_inner][\/vc_row_inner][\/vc_column][\/vc_row][vc_row el_class=\u00bbseccao-teaser-eventos\u00bb][vc_column][vc_column_text]<div data-post-id=\"2582\" class=\"insert-page insert-page-2582 \"><style type=\"text\/css\" data-type=\"vc_shortcodes-custom-css\">.vc_custom_1699027227548{background-image: url(https:\/\/www.cervejariatrindade.pt\/wp-content\/uploads\/2022\/09\/Group-225-scaled.jpg?id=864) !important;background-position: center !important;background-repeat: no-repeat !important;background-size: cover !important;}<\/style><div class=\"wpb-content-wrapper\"><p>[vc_row content_placement=\u00bbmiddle\u00bb css=\u00bb.vc_custom_1699027227548{background-image: url(https:\/\/www.cervejariatrindade.pt\/wp-content\/uploads\/2022\/09\/Group-225-scaled.jpg?id=864) !important;background-position: center !important;background-repeat: no-repeat !important;background-size: cover !important;}\u00bb el_class=\u00bbseccao-normal seccao-teaser-eventos\u00bb][vc_column width=\u00bb1\/4&#8243;][\/vc_column][vc_column width=\u00bb1\/2&#8243; el_class=\u00bbteaser-eventos-mobile\u00bb][vc_column_text]<\/p>\n<h2 style=\"text-align: center;\">EVENTOS<\/h2>\n<p style=\"text-align: center;\">La Trindade es un destino cultural, art\u00edstico y gastron\u00f3mico de referencia. Sus 3 salas, decoradas originalmente con paneles hist\u00f3ricos, ofrecen diversidad y posibilidades para todo tipo de eventos en un entorno \u00fanico y memorable.<\/p>\n<p>[\/vc_column_text][vc_column_text el_class=\u00bblink\u00bb]<\/p>\n<p style=\"text-align: center;\"><a href=\"https:\/\/www.cervejariatrindade.pt\/es\/eventos\/\">M\u00c1S INFORMACI\u00d3N<\/a><\/p>\n<p>[\/vc_column_text][\/vc_column][vc_column width=\u00bb1\/4&#8243;][\/vc_column][\/vc_row]<\/p>\n<\/div><\/div>[\/vc_column_text][\/vc_column][\/vc_row][vc_row el_class=\u00bbseccao-normal navegacao-pre-footer\u00bb][vc_column width=\u00bb1\/2&#8243;][vc_column_text el_class=\u00bbback\u00bb]<\/p>\n<p style=\"text-align: left;\"><a href=\"https:\/\/www.cervejariatrindade.pt\/es\/la-cocina\/\">Ver Concepto<\/a><\/p>\n<p>[\/vc_column_text][\/vc_column][vc_column width=\u00bb1\/2&#8243;][vc_column_text el_class=\u00bbforward\u00bb]<\/p>\n<p style=\"text-align: right;\"><a href=\"https:\/\/www.cervejariatrindade.pt\/es\/bar-de-tapas\/\">Ver Petiscaria<\/a><\/p>\n<p>[\/vc_column_text][\/vc_column][\/vc_row][vc_row el_class=\u00bbnewsletter-pre-footer\u00bb][vc_column][vc_column_text]<div data-post-id=\"2594\" class=\"insert-page insert-page-2594 \"><style type=\"text\/css\" data-type=\"vc_custom-css\">.bloco-newsletter {\r\n    background:#041E42;\r\n    padding:40px 55px;\r\n}\r\n\r\n.bloco-newsletter h2 {\r\n    color: #904D30;\r\n    font-size: 20px;\r\n}\r\n\r\n.bloco-newsletter p {\r\n    color: #fff;\r\n    font-size: 14px;\r\n    text-transform:uppercase;\r\n    padding-right:40px;\r\n}\r\n\r\n.bloco-newsletter input {\r\n    background: rgba(255,255,255,0.4);\r\n    border: none;\r\n    padding: 10px 25px;\r\n    border-radius: 50px;\r\n    float: left;\r\n    min-width: 60%;\r\n    color: rgba(255,255,255,.5);\r\n    text-transform: uppercase;\r\n    font-size: 14px;\r\n    letter-spacing: .05rem;\r\n}\r\n\r\n\r\n.bloco-newsletter input#mc-embedded-subscribe {\r\n    border: none;\r\n    padding: 10px 25px;\r\n    border-radius: 50px;\r\n    float: left;\r\n    margin-left: -40px;\r\n    min-width: 40%;\r\n    background: rgb(110,50,40);\r\n    background: -moz-linear-gradient(75deg, rgba(110,50,40,1) 0%, rgba(160,90,60,1) 100%);\r\n    background: -webkit-linear-gradient(75deg, rgba(110,50,40,1) 0%, rgba(160,90,60,1) 100%);\r\n    background: linear-gradient(75deg, rgba(110,50,40,1) 0%, rgba(160,90,60,1) 100%);\r\n    filter: progid:DXImageTransform.Microsoft.gradient(startColorstr=&quot;#6e3228&quot;,endColorstr=&quot;#a05a3c&quot;,GradientType=1);\r\n    color:white;\r\n}\r\n\r\n.bloco-newsletter input#mc-embedded-subscribe:hover {\r\n    background: rgb(110,50,40);\r\n    background: -moz-linear-gradient(75deg, rgba(160,90,60,1) 0%, rgba(110,50,40,1) 100%);\r\n    background: -webkit-linear-gradient(75deg, rgba(160,90,60,1) 0%, rgba(110,50,40,1) 100%);\r\n    background: linear-gradient(75deg, rgba(160,90,60,1) 0%, rgba(110,50,40,1) 100%);\r\n    filter: progid:DXImageTransform.Microsoft.gradient(startColorstr=&quot;#a05a3c&quot;,endColorstr=&quot;#6e3228&quot;,GradientType=1);\r\n    color:white;\r\n}\r\n\r\n:focus-visible {\r\n    outline: none;\r\n    background: rgba(255,255,255,0.8);\r\n}\r\n\r\n.max-width {\r\n    max-width:1440px;\r\n    margin:0 auto;\r\n}\r\n\r\n@media screen and (max-width:768px) {\r\n    .bloco-newsletter {padding:40px 30px;}\r\n    .bloco-newsletter input#mc-embedded-subscribe {\r\n    float: unset;\r\n    min-width: 100%;\r\n    margin-left: 0px;\r\n    margin-top:5px;\r\n}\r\n.bloco-newsletter input {\r\n    float: unset;\r\n    min-width: 100%;\r\n    margin-top:20px;\r\n    text-align: center;\r\n}    \r\n}\r\n\r\n.mc-field-group.input-group {\r\n    display: block;\r\n    width: 100%;\r\n    position: absolute;\r\n    bottom: -40px;\r\n}\r\n\r\ninput#mce-MMERGE6-0 {\r\n    width: 20px;\r\n    min-width: unset!important;\r\n    margin-left:20px;\r\n}\r\n\r\n.mc-field-group.input-group li {\r\n    padding-left: 0px;\r\n    font-size: 80%;\r\n    color: #cdcdcd;\r\n    font-family: &#039;colfax-web&#039;;\r\n}\r\n\r\n.mc-field-group.input-group label {\r\n    font-weight: 100;\r\n    padding-left: 10px;\r\n}\r\n\r\n::placeholder {\r\n    color: rgba(255,255,255,.5);\r\n}\r\n\r\n\r\n@media screen and (max-width:768px) {\r\n .mc-field-group.input-group {\r\n    display: block;\r\n    width: 100%;\r\n    position: absolute;\r\n    bottom: -100px;\r\n}\r\n\r\n.bloco-newsletter {\r\n    padding: 40px 30px 140px;\r\n}\r\n\r\n.mc-field-group.input-group label {\r\n    width: 80%;\r\n}\r\n\r\ninput#mce-MMERGE6-0 {\r\n    margin-top: 5px!important;\r\n    vertical-align: top;\r\n}\r\n}<\/style><div class=\"wpb-content-wrapper\"><p>[vc_row content_placement=\u00bbmiddle\u00bb el_class=\u00bbbloco-newsletter\u00bb][vc_column][vc_row_inner content_placement=\u00bbmiddle\u00bb el_class=\u00bbmax-width\u00bb][vc_column_inner width=\u00bb1\/2&#8243;][vc_column_text]<\/p>\n<h2>BOLET\u00cdN DE NOTICIAS<\/h2>\n<p>SEA EL PRIMERO EN RECIBIR NOTICIAS, EVENTOS, OFERTAS Y EXPERIENCIAS EXCLUSIVAS EN SU BANDEJA DE ENTRADA[\/vc_column_text][\/vc_column_inner][vc_column_inner width=\u00bb1\/2&#8243;][vc_raw_html]PCEtLSBCZWdpbiBNYWlsY2hpbXAgU2lnbnVwIEZvcm0gLS0+CjxkaXYgaWQ9Im1jX2VtYmVkX3NpZ251cCI+CiAgICA8Zm9ybSBhY3Rpb249Imh0dHBzOi8vY2VydmVqYXJpYXRyaW5kYWRlLnVzMTMubGlzdC1tYW5hZ2UuY29tL3N1YnNjcmliZS9wb3N0P3U9NTA4MTk3OWE0ZWI5NGZjYTI5NWMxMzY0MyZhbXA7aWQ9YzgzZjAxMWZlNyZhbXA7Zl9pZD0wMDAyNjNlMmYwIiBtZXRob2Q9InBvc3QiIGlkPSJtYy1lbWJlZGRlZC1zdWJzY3JpYmUtZm9ybSIgbmFtZT0ibWMtZW1iZWRkZWQtc3Vic2NyaWJlLWZvcm0iIGNsYXNzPSJ2YWxpZGF0ZSIgdGFyZ2V0PSJfc2VsZiI+CiAgICAgICAgPGRpdiBpZD0ibWNfZW1iZWRfc2lnbnVwX3Njcm9sbCI+CiAgICAgICAgPGRpdiBjbGFzcz0ibWMtZmllbGQtZ3JvdXAiPgo8L2xhYmVsPgoJPGlucHV0IHR5cGU9ImVtYWlsIiBwbGFjZWhvbGRlcj0iRW1haWwiIHZhbHVlPSIiIG5hbWU9IkVNQUlMIiBjbGFzcz0icmVxdWlyZWQgZW1haWwiIGlkPSJtY2UtRU1BSUwiIHJlcXVpcmVkPSIiPgoJPHNwYW4gaWQ9Im1jZS1FTUFJTC1IRUxQRVJURVhUIiBjbGFzcz0iaGVscGVyX3RleHQiPjwvc3Bhbj4KPC9kaXY+CjxkaXYgY2xhc3M9Im1jLWZpZWxkLWdyb3VwIGlucHV0LWdyb3VwIj4KICAgIDx1bD48bGk+CiAgICA8aW5wdXQgdHlwZT0icmFkaW8iIHZhbHVlPSLigKIgSGUgbGXDrWRvIHkgYWNlcHRvIGxvcyBUw6lybWlub3MgeSBDb25kaWNpb25lcyB5IGxhIFBvbMOtdGljYSBkZSBQcml2YWNpZGFkIiBuYW1lPSJNTUVSR0U2IiBpZD0ibWNlLU1NRVJHRTYtMCI+CiAgICA8bGFiZWwgZm9yPSJtY2UtTU1FUkdFNi0wIj7igKIgSGUgbGXDrWRvIHkgYWNlcHRvIGxvcyBUw6lybWlub3MgeSBDb25kaWNpb25lcyB5IGxhIFBvbMOtdGljYSBkZSBQcml2YWNpZGFkPC9sYWJlbD4KPC9saT4KPC91bD4KICAgIDxzcGFuIGlkPSJtY2UtTU1FUkdFNi1IRUxQRVJURVhUIiBjbGFzcz0iaGVscGVyX3RleHQiPjwvc3Bhbj4KPC9kaXY+CgoJPGRpdiBpZD0ibWNlLXJlc3BvbnNlcyIgY2xhc3M9ImNsZWFyIGZvb3QiPgoJCTxkaXYgY2xhc3M9InJlc3BvbnNlIiBpZD0ibWNlLWVycm9yLXJlc3BvbnNlIiBzdHlsZT0iZGlzcGxheTpub25lIj48L2Rpdj4KCQk8ZGl2IGNsYXNzPSJyZXNwb25zZSIgaWQ9Im1jZS1zdWNjZXNzLXJlc3BvbnNlIiBzdHlsZT0iZGlzcGxheTpub25lIj48L2Rpdj4KCTwvZGl2PiAgICA8IS0tIHJlYWwgcGVvcGxlIHNob3VsZCBub3QgZmlsbCB0aGlzIGluIGFuZCBleHBlY3QgZ29vZCB0aGluZ3MgLSBkbyBub3QgcmVtb3ZlIHRoaXMgb3IgcmlzayBmb3JtIGJvdCBzaWdudXBzLS0+CiAgICA8ZGl2IHN0eWxlPSJwb3NpdGlvbjogYWJzb2x1dGU7IGxlZnQ6IC01MDAwcHg7IiBhcmlhLWhpZGRlbj0idHJ1ZSI+PGlucHV0IHR5cGU9InRleHQiIG5hbWU9ImJfNTA4MTk3OWE0ZWI5NGZjYTI5NWMxMzY0M19jODNmMDExZmU3IiB0YWJpbmRleD0iLTEiIHZhbHVlPSIiPjwvZGl2PgogICAgICAgIDxkaXYgY2xhc3M9Im9wdGlvbmFsUGFyZW50Ij4KICAgICAgICAgICAgPGRpdiBjbGFzcz0iY2xlYXIgZm9vdCI+CiAgICAgICAgICAgICAgICA8aW5wdXQgdHlwZT0ic3VibWl0IiB2YWx1ZT0iU3VzY3LDrWJhc2UiIG5hbWU9InN1YnNjcmliZSIgaWQ9Im1jLWVtYmVkZGVkLXN1YnNjcmliZSIgY2xhc3M9ImJ1dHRvbiI+CiAgICAgICAgICAgIDwvZGl2PgogICAgICAgIDwvZGl2PgogICAgPC9kaXY+CjwvZm9ybT4KPC9kaXY+Cgo8IS0tRW5kIG1jX2VtYmVkX3NpZ251cC0tPg==[\/vc_raw_html][\/vc_column_inner][\/vc_row_inner][\/vc_column][\/vc_row]<\/p>\n<\/div><\/div>[\/vc_column_text][\/vc_column][\/vc_row]<\/p>\n<\/div>","protected":false},"excerpt":{"rendered":"<p>[vc_row content_placement=\u00bbmiddle\u00bb el_class=\u00bbseccao-normal hero-restaurante\u00bb][vc_column width=\u00bb1\/2&#8243; el_class=\u00bbhero-img\u00bb][vc_single_image image=\u00bb1838&#8243; img_size=\u00bbfull\u00bb el_class=\u00bbimg-em-arco\u00bb][\/vc_column][vc_column width=\u00bb1\/2&#8243;][vc_column_text] FILETES, Mariscos Y TAPAS En el Restaurante de la Trindade encontrar\u00e1 una completa carta con entrantes, aut\u00e9nticos platos de carne y pescado, mariscos frescos y postres t\u00edpicos. Un men\u00fa original, moderno y sabroso. Para comer bien y disfrutar de buena compa\u00f1\u00eda en el Comedor, la [&hellip;]<\/p>\n","protected":false},"author":2,"featured_media":0,"parent":0,"menu_order":0,"comment_status":"closed","ping_status":"closed","template":"","meta":{"inline_featured_image":false,"footnotes":""},"class_list":["post-2609","page","type-page","status-publish","hentry"],"yoast_head":"<!-- This site is optimized with the Yoast SEO plugin v23.7 - https:\/\/yoast.com\/wordpress\/plugins\/seo\/ -->\n<title>Trindade - Restaurante - FILETES, MARISCOS Y TAPAS<\/title>\n<meta name=\"description\" content=\"En el Restaurante de la Trindade encontrar\u00e1 una completa carta con entrantes, aut\u00e9nticos platos de carne y pescado, mariscos frescos y postres t\u00edpicos.\" \/>\n<meta name=\"robots\" content=\"index, follow, max-snippet:-1, max-image-preview:large, max-video-preview:-1\" \/>\n<link rel=\"canonical\" href=\"https:\/\/www.cervejariatrindade.pt\/es\/el-restaurante\/\" \/>\n<meta property=\"og:locale\" content=\"es_ES\" \/>\n<meta property=\"og:type\" content=\"article\" \/>\n<meta property=\"og:title\" content=\"Trindade - Restaurante - FILETES, MARISCOS Y TAPAS\" \/>\n<meta property=\"og:description\" content=\"En el Restaurante de la Trindade encontrar\u00e1 una completa carta con entrantes, aut\u00e9nticos platos de carne y pescado, mariscos frescos y postres t\u00edpicos.\" \/>\n<meta property=\"og:url\" content=\"https:\/\/www.cervejariatrindade.pt\/es\/el-restaurante\/\" \/>\n<meta property=\"og:site_name\" content=\"Cervejaria Trindade\" \/>\n<meta property=\"article:publisher\" content=\"https:\/\/www.facebook.com\/cervejariatrindade.oficial\" \/>\n<meta property=\"article:modified_time\" content=\"2023-11-20T12:09:06+00:00\" \/>\n<meta property=\"og:image\" content=\"https:\/\/www.cervejariatrindade.pt\/wp-content\/uploads\/2022\/09\/trindade.jpg\" \/>\n\t<meta property=\"og:image:width\" content=\"2027\" \/>\n\t<meta property=\"og:image:height\" content=\"1101\" \/>\n\t<meta property=\"og:image:type\" content=\"image\/jpeg\" \/>\n<meta name=\"twitter:card\" content=\"summary_large_image\" \/>\n<meta name=\"twitter:label1\" content=\"Tiempo de lectura\" \/>\n\t<meta name=\"twitter:data1\" content=\"2 minutos\" \/>\n<script type=\"application\/ld+json\" class=\"yoast-schema-graph\">{\"@context\":\"https:\/\/schema.org\",\"@graph\":[{\"@type\":\"WebPage\",\"@id\":\"https:\/\/www.cervejariatrindade.pt\/es\/el-restaurante\/\",\"url\":\"https:\/\/www.cervejariatrindade.pt\/es\/el-restaurante\/\",\"name\":\"Trindade - Restaurante - FILETES, MARISCOS Y TAPAS\",\"isPartOf\":{\"@id\":\"https:\/\/www.cervejariatrindade.pt\/#website\"},\"datePublished\":\"2022-09-07T16:32:02+00:00\",\"dateModified\":\"2023-11-20T12:09:06+00:00\",\"description\":\"En el Restaurante de la Trindade encontrar\u00e1 una completa carta con entrantes, aut\u00e9nticos platos de carne y pescado, mariscos frescos y postres t\u00edpicos.\",\"breadcrumb\":{\"@id\":\"https:\/\/www.cervejariatrindade.pt\/es\/el-restaurante\/#breadcrumb\"},\"inLanguage\":\"es\",\"potentialAction\":[{\"@type\":\"ReadAction\",\"target\":[\"https:\/\/www.cervejariatrindade.pt\/es\/el-restaurante\/\"]}]},{\"@type\":\"BreadcrumbList\",\"@id\":\"https:\/\/www.cervejariatrindade.pt\/es\/el-restaurante\/#breadcrumb\",\"itemListElement\":[{\"@type\":\"ListItem\",\"position\":1,\"name\":\"In\u00edcio\",\"item\":\"https:\/\/www.cervejariatrindade.pt\/es\/\"},{\"@type\":\"ListItem\",\"position\":2,\"name\":\"El Restaurante\"}]},{\"@type\":\"WebSite\",\"@id\":\"https:\/\/www.cervejariatrindade.pt\/#website\",\"url\":\"https:\/\/www.cervejariatrindade.pt\/\",\"name\":\"Cervejaria Trindade\",\"description\":\"\",\"publisher\":{\"@id\":\"https:\/\/www.cervejariatrindade.pt\/#organization\"},\"potentialAction\":[{\"@type\":\"SearchAction\",\"target\":{\"@type\":\"EntryPoint\",\"urlTemplate\":\"https:\/\/www.cervejariatrindade.pt\/?s={search_term_string}\"},\"query-input\":{\"@type\":\"PropertyValueSpecification\",\"valueRequired\":true,\"valueName\":\"search_term_string\"}}],\"inLanguage\":\"es\"},{\"@type\":\"Organization\",\"@id\":\"https:\/\/www.cervejariatrindade.pt\/#organization\",\"name\":\"Cervejaria Trindade\",\"url\":\"https:\/\/www.cervejariatrindade.pt\/\",\"logo\":{\"@type\":\"ImageObject\",\"inLanguage\":\"es\",\"@id\":\"https:\/\/www.cervejariatrindade.pt\/#\/schema\/logo\/image\/\",\"url\":\"https:\/\/www.cervejariatrindade.pt\/wp-content\/uploads\/2022\/09\/trindade.jpg\",\"contentUrl\":\"https:\/\/www.cervejariatrindade.pt\/wp-content\/uploads\/2022\/09\/trindade.jpg\",\"width\":2027,\"height\":1101,\"caption\":\"Cervejaria Trindade\"},\"image\":{\"@id\":\"https:\/\/www.cervejariatrindade.pt\/#\/schema\/logo\/image\/\"},\"sameAs\":[\"https:\/\/www.facebook.com\/cervejariatrindade.oficial\",\"https:\/\/www.instagram.com\/acervejariatrindade\/\",\"https:\/\/www.linkedin.com\/company\/portugalia-restauracao\/\"]}]}<\/script>\n<!-- \/ Yoast SEO plugin. -->","yoast_head_json":{"title":"Trindade - Restaurante - FILETES, MARISCOS Y TAPAS","description":"En el Restaurante de la Trindade encontrar\u00e1 una completa carta con entrantes, aut\u00e9nticos platos de carne y pescado, mariscos frescos y postres t\u00edpicos.","robots":{"index":"index","follow":"follow","max-snippet":"max-snippet:-1","max-image-preview":"max-image-preview:large","max-video-preview":"max-video-preview:-1"},"canonical":"https:\/\/www.cervejariatrindade.pt\/es\/el-restaurante\/","og_locale":"es_ES","og_type":"article","og_title":"Trindade - Restaurante - FILETES, MARISCOS Y TAPAS","og_description":"En el Restaurante de la Trindade encontrar\u00e1 una completa carta con entrantes, aut\u00e9nticos platos de carne y pescado, mariscos frescos y postres t\u00edpicos.","og_url":"https:\/\/www.cervejariatrindade.pt\/es\/el-restaurante\/","og_site_name":"Cervejaria Trindade","article_publisher":"https:\/\/www.facebook.com\/cervejariatrindade.oficial","article_modified_time":"2023-11-20T12:09:06+00:00","og_image":[{"width":2027,"height":1101,"url":"https:\/\/www.cervejariatrindade.pt\/wp-content\/uploads\/2022\/09\/trindade.jpg","type":"image\/jpeg"}],"twitter_card":"summary_large_image","twitter_misc":{"Tiempo de lectura":"2 minutos"},"schema":{"@context":"https:\/\/schema.org","@graph":[{"@type":"WebPage","@id":"https:\/\/www.cervejariatrindade.pt\/es\/el-restaurante\/","url":"https:\/\/www.cervejariatrindade.pt\/es\/el-restaurante\/","name":"Trindade - Restaurante - FILETES, MARISCOS Y TAPAS","isPartOf":{"@id":"https:\/\/www.cervejariatrindade.pt\/#website"},"datePublished":"2022-09-07T16:32:02+00:00","dateModified":"2023-11-20T12:09:06+00:00","description":"En el Restaurante de la Trindade encontrar\u00e1 una completa carta con entrantes, aut\u00e9nticos platos de carne y pescado, mariscos frescos y postres t\u00edpicos.","breadcrumb":{"@id":"https:\/\/www.cervejariatrindade.pt\/es\/el-restaurante\/#breadcrumb"},"inLanguage":"es","potentialAction":[{"@type":"ReadAction","target":["https:\/\/www.cervejariatrindade.pt\/es\/el-restaurante\/"]}]},{"@type":"BreadcrumbList","@id":"https:\/\/www.cervejariatrindade.pt\/es\/el-restaurante\/#breadcrumb","itemListElement":[{"@type":"ListItem","position":1,"name":"In\u00edcio","item":"https:\/\/www.cervejariatrindade.pt\/es\/"},{"@type":"ListItem","position":2,"name":"El Restaurante"}]},{"@type":"WebSite","@id":"https:\/\/www.cervejariatrindade.pt\/#website","url":"https:\/\/www.cervejariatrindade.pt\/","name":"Cervejaria Trindade","description":"","publisher":{"@id":"https:\/\/www.cervejariatrindade.pt\/#organization"},"potentialAction":[{"@type":"SearchAction","target":{"@type":"EntryPoint","urlTemplate":"https:\/\/www.cervejariatrindade.pt\/?s={search_term_string}"},"query-input":{"@type":"PropertyValueSpecification","valueRequired":true,"valueName":"search_term_string"}}],"inLanguage":"es"},{"@type":"Organization","@id":"https:\/\/www.cervejariatrindade.pt\/#organization","name":"Cervejaria Trindade","url":"https:\/\/www.cervejariatrindade.pt\/","logo":{"@type":"ImageObject","inLanguage":"es","@id":"https:\/\/www.cervejariatrindade.pt\/#\/schema\/logo\/image\/","url":"https:\/\/www.cervejariatrindade.pt\/wp-content\/uploads\/2022\/09\/trindade.jpg","contentUrl":"https:\/\/www.cervejariatrindade.pt\/wp-content\/uploads\/2022\/09\/trindade.jpg","width":2027,"height":1101,"caption":"Cervejaria Trindade"},"image":{"@id":"https:\/\/www.cervejariatrindade.pt\/#\/schema\/logo\/image\/"},"sameAs":["https:\/\/www.facebook.com\/cervejariatrindade.oficial","https:\/\/www.instagram.com\/acervejariatrindade\/","https:\/\/www.linkedin.com\/company\/portugalia-restauracao\/"]}]}},"_links":{"self":[{"href":"https:\/\/www.cervejariatrindade.pt\/es\/wp-json\/wp\/v2\/pages\/2609","targetHints":{"allow":["GET"]}}],"collection":[{"href":"https:\/\/www.cervejariatrindade.pt\/es\/wp-json\/wp\/v2\/pages"}],"about":[{"href":"https:\/\/www.cervejariatrindade.pt\/es\/wp-json\/wp\/v2\/types\/page"}],"author":[{"embeddable":true,"href":"https:\/\/www.cervejariatrindade.pt\/es\/wp-json\/wp\/v2\/users\/2"}],"replies":[{"embeddable":true,"href":"https:\/\/www.cervejariatrindade.pt\/es\/wp-json\/wp\/v2\/comments?post=2609"}],"version-history":[{"count":26,"href":"https:\/\/www.cervejariatrindade.pt\/es\/wp-json\/wp\/v2\/pages\/2609\/revisions"}],"predecessor-version":[{"id":2952,"href":"https:\/\/www.cervejariatrindade.pt\/es\/wp-json\/wp\/v2\/pages\/2609\/revisions\/2952"}],"wp:attachment":[{"href":"https:\/\/www.cervejariatrindade.pt\/es\/wp-json\/wp\/v2\/media?parent=2609"}],"curies":[{"name":"wp","href":"https:\/\/api.w.org\/{rel}","templated":true}]}}