{"id":2573,"date":"2022-09-20T16:53:59","date_gmt":"2022-09-20T15:53:59","guid":{"rendered":"https:\/\/www.cervejariatrindade.pt\/politica-de-privacidad\/"},"modified":"2023-11-12T11:44:16","modified_gmt":"2023-11-12T11:44:16","slug":"politica-de-privacidad","status":"publish","type":"page","link":"https:\/\/www.cervejariatrindade.pt\/es\/politica-de-privacidad\/","title":{"rendered":"POL\u00cdTICA DE PRIVACIDAD"},"content":{"rendered":"<div class=\"wpb-content-wrapper\"><p>[vc_row el_class=\u00bbpoliticas seccao-normal\u00bb][vc_column][vc_column_text]<\/p>\n<h2><strong>POL\u00cdTICA DE PRIVACIDAD<\/strong><\/h2>\n<p>TOBAGO RESTAURA\u00c7\u00c3O, S.A. tratar\u00e1 sus datos personales en calidad de responsable del tratamiento, garantizando su confidencialidad y seguridad, sobre la base del consentimiento prestado, con la finalidad de recibir, analizar y remitir candidaturas espont\u00e1neas y en el \u00e1mbito de los procesos de selecci\u00f3n de personal. No se comunicar\u00e1n datos a terceros ni se transferir\u00e1n a pa\u00edses no pertenecientes a la Uni\u00f3n Europea. TOBAGO RESTAURA\u00c7\u00c3O, S.A. conservar\u00e1 sus datos durante un per\u00edodo de 1 (un) a\u00f1o. Los candidatos podr\u00e1n ejercer todos sus derechos como interesados de los datos personales, en concreto, los derechos de acceso, rectificaci\u00f3n, supresi\u00f3n, limitaci\u00f3n del tratamiento, oposici\u00f3n, portabilidad y retirada del consentimiento, en su caso, seg\u00fan los t\u00e9rminos previstos en la ley, enviando un correo electr\u00f3nico a <a href=\"mailto:marketing@portugalia.pt\">marketing@portugalia.pt<\/a>, sin perjuicio de la posibilidad de presentar una reclamaci\u00f3n ante la autoridad de control competente en Portugal, la Comisi\u00f3n Nacional de Protecci\u00f3n de Datos. La comunicaci\u00f3n de sus datos personales en este contexto no constituye ninguna obligaci\u00f3n legal o contractual, pero es esencial para que usted pueda participar en nuestros procesos de contrataci\u00f3n.[\/vc_column_text][vc_column_text el_id=\u00bbcookies\u00bb]<\/p>\n<h2><strong>POL\u00cdTICA DE COOKIES<\/strong><strong> <\/strong><\/h2>\n<p>TOBAGO RESTAURA\u00c7\u00c3O, S.A. (\u00abCervecer\u00eda Trindade\u00bb) utiliza cookies en su sitio web.<\/p>\n<p>Las cookies son peque\u00f1os archivos de texto que un sitio web almacena en dispositivos m\u00f3viles (ordenadores, tel\u00e9fonos m\u00f3viles u otros) con informaci\u00f3n sobre la navegaci\u00f3n de los visitantes en ese sitio web.<\/p>\n<p>TOBAGO RESTAURA\u00c7\u00c3O, S.A (\u00abCervecer\u00eda Trindade\u00bb) utiliza cookies, bas\u00e1ndose en su inter\u00e9s leg\u00edtimo, para permitir que el sitio web funcione correctamente y para mejorar la experiencia de navegaci\u00f3n de los visitantes (por ejemplo, recordando sus opciones o preferencias y evitando la introducci\u00f3n repetida de la misma informaci\u00f3n).<\/p>\n<p>Adem\u00e1s, TOBAGO RESTAURA\u00c7\u00c3O, S.A (\u00abCervecer\u00eda Trindade\u00bb) utiliza cookies para obtener informaci\u00f3n sobre los visitantes del sitio web, concretamente para determinar su procedencia, el n\u00famero de visitas, las fechas de las visitas, su duraci\u00f3n o c\u00f3mo navegan por el sitio web.<\/p>\n<p>En concreto, este sitio web utiliza las siguientes cookies:<\/p>\n<h3><strong>COOKIES NECESARIAS<\/strong><\/h3>\n<p>Son cookies que se instalan con la finalidad de habilitar u optimizar las funcionalidades que ofrece el sitio web y mejorar la experiencia de navegaci\u00f3n del usuario.<\/p>\n<p><strong>PHPSESSID<\/strong><\/p>\n<p>Entidad responsable: TOBAGO RESTAURA\u00c7\u00c3O, S.A (\u00abCervecer\u00eda Trindade\u00bb). Motivo de su uso: Habilitar u optimizar las funcionalidades que ofrece el<\/p>\n<p>sitio web y mejorar la experiencia de navegaci\u00f3n del usuario. Validez de la cookie: cookie de sesi\u00f3n. Tipo de cookie: esencial.<\/p>\n<p><strong>xms_user<\/strong><\/p>\n<p>Entidad responsable: TOBAGO RESTAURA\u00c7\u00c3O, S.A (\u00abCervecer\u00eda Trindade\u00bb). Motivo de su uso: Habilitar u optimizar las funcionalidades que ofrece el<\/p>\n<p>sitio web y mejorar la experiencia de navegaci\u00f3n del usuario. Validez de la cookie: cookie persistente, se elimina en cinco d\u00edas. Tipo de cookie: esencial.<\/p>\n<h3><strong>COOKIES ANAL\u00cdTICAS<\/strong><\/h3>\n<p>Se trata de cookies instaladas por herramientas gestionadas por terceros (Google Analytics, Google TagManager, etc.) para controlar la calidad de la experiencia del usuario al navegar por este sitio web<\/p>\n<p><strong>_gat<\/strong><\/p>\n<p>Entidad responsable: TOBAGO RESTAURA\u00c7\u00c3O, S.A (\u00abCervecer\u00eda Trindade\u00bb).<br \/>\nMotivo de su uso: Se usa para controlar la tasa de utilizaci\u00f3n.<\/p>\n<p><strong>_ga<\/strong><\/p>\n<p>Entidad responsable: TOBAGO RESTAURA\u00c7\u00c3O, S.A (\u00abCervecer\u00eda Trindade\u00bb). Motivo de su uso: Se utiliza para distinguir a los usuarios. Validez de las cookies: Cookie persistente, se elimina en dos a\u00f1os. Tipo de cookie: anal\u00edtica.<\/p>\n<p><strong>_gid<\/strong><\/p>\n<p>Entidad responsable: TOBAGO RESTAURA\u00c7\u00c3O, S.A (\u00abCervecer\u00eda Trindade\u00bb). Motivo de su uso: Se utiliza para distinguir a los usuarios. Validez de las cookies: Cookie persistente, se elimina en un d\u00eda. Tipo de cookie: anal\u00edtica.<\/p>\n<h3><strong>COOKIES DE TERCEROS<\/strong><\/h3>\n<p>Facebook, YouTube, Vimeo, AddThis, Google Maps y otras herramientas gestionadas por terceros pueden instalar cookies para compartir contenidos en redes sociales o elaborar estad\u00edsticas de consultas. La presencia, el n\u00famero y el estado de estas cookies pueden depender de c\u00f3mo utilice las plataformas en cuesti\u00f3n antes o durante una visita a este sitio web. Es \u00fatil comprobar la pol\u00edtica de gesti\u00f3n de cookies de estas redes sociales en sus sitios web. A veces utilizamos servicios web de terceros para mostrar contenidos dentro de nuestro sitio web, por ejemplo, para mostrar im\u00e1genes o v\u00eddeos o para realizar encuestas. Al igual que ocurre con los botones para compartir en redes sociales, no podemos evitar que estos sitios web o dominios externos recopilen informaci\u00f3n sobre el uso que se hace de este contenido incrustado.<\/p>\n<p><strong>_atuvc<\/strong><\/p>\n<p>Entidad responsable: [\u2022] Motivo de su uso: Esta cookie est\u00e1 asociada al widget de compartir de redes sociales AddThis. Validez de las cookies: Cookie persistente, se elimina en un a\u00f1o. Tipo de cookie: funcionalidad.<\/p>\n<p><strong>_atuvs<\/strong><\/p>\n<p>Entidad responsable: [\u2022] Motivo de su uso: Esta cookie est\u00e1 asociada al widget de compartir de redes sociales AddThis. Validez de las cookies: Cookie persistente, se elimina en treinta minutos. Tipo de cookie: funcionalidad.<\/p>\n<p>Si el visitante no desea utilizar cookies a trav\u00e9s de esta p\u00e1gina, puede, en cualquier momento, desactivar su uso en su navegador y eliminar las que se almacenen (dependiendo del navegador de Internet utilizado, la desactivaci\u00f3n y eliminaci\u00f3n de cookies se realiza en el \u00e1rea de \u00abPreferencias del navegador\u00bb u \u00abOpciones\u00bb). Sin embargo, desactivar las cookies puede poner en peligro el correcto funcionamiento del sitio web y la experiencia normal de navegaci\u00f3n.<\/p>\n<p>Los visitantes podr\u00e1n ejercer todos sus derechos como interesados de los datos personales, en concreto, los derechos de acceso, rectificaci\u00f3n, supresi\u00f3n, limitaci\u00f3n del tratamiento, oposici\u00f3n, portabilidad y retirada del consentimiento, en su caso, seg\u00fan los t\u00e9rminos previstos en la ley, enviando un correo electr\u00f3nico a <a href=\"mailto:marketing@portugalia.pt\">marketing@portugalia.pt<\/a>, sin perjuicio de la posibilidad de presentar una reclamaci\u00f3n ante la autoridad de control competente en Portugal, la Comisi\u00f3n Nacional de Protecci\u00f3n de Datos.<\/p>\n<p>Si el visitante no desea utilizar cookies a trav\u00e9s de esta p\u00e1gina, puede, en cualquier momento, desactivar su uso en su navegador y eliminar las que se almacenen (dependiendo del navegador de Internet utilizado, la desactivaci\u00f3n y eliminaci\u00f3n de cookies se realiza en el \u00e1rea de \u00abPreferencias del navegador\u00bb u \u00abOpciones\u00bb). Sin embargo, desactivar las cookies puede poner en peligro el correcto funcionamiento del sitio web y la experiencia normal de navegaci\u00f3n.<\/p>\n<p>Los visitantes podr\u00e1n ejercer todos sus derechos como interesados de los datos personales, en concreto, los derechos de acceso, rectificaci\u00f3n, supresi\u00f3n, limitaci\u00f3n del tratamiento, oposici\u00f3n, portabilidad y retirada del consentimiento, en su caso, seg\u00fan los t\u00e9rminos previstos en la ley, enviando un correo electr\u00f3nico a <a href=\"mailto:marketing@portugalia.pt\">marketing@portugalia.pt<\/a>, sin perjuicio de la posibilidad de presentar una reclamaci\u00f3n ante la autoridad de control competente en Portugal, la Comisi\u00f3n Nacional de Protecci\u00f3n de Datos.[\/vc_column_text][\/vc_column][\/vc_row]<\/p>\n<\/div>","protected":false},"excerpt":{"rendered":"<p>[vc_row el_class=\u00bbpoliticas seccao-normal\u00bb][vc_column][vc_column_text] POL\u00cdTICA DE PRIVACIDAD TOBAGO RESTAURA\u00c7\u00c3O, S.A. tratar\u00e1 sus datos personales en calidad de responsable del tratamiento, garantizando su confidencialidad y seguridad, sobre la base del consentimiento prestado, con la finalidad de recibir, analizar y remitir candidaturas espont\u00e1neas y en el \u00e1mbito de los procesos de selecci\u00f3n de personal. No se comunicar\u00e1n datos [&hellip;]<\/p>\n","protected":false},"author":2,"featured_media":0,"parent":0,"menu_order":0,"comment_status":"closed","ping_status":"closed","template":"","meta":{"inline_featured_image":false,"footnotes":""},"class_list":["post-2573","page","type-page","status-publish","hentry"],"yoast_head":"<!-- This site is optimized with the Yoast SEO plugin v23.7 - https:\/\/yoast.com\/wordpress\/plugins\/seo\/ -->\n<title>POL\u00cdTICA DE PRIVACIDAD - Cervejaria Trindade<\/title>\n<meta name=\"robots\" content=\"index, follow, max-snippet:-1, max-image-preview:large, max-video-preview:-1\" \/>\n<link rel=\"canonical\" href=\"https:\/\/www.cervejariatrindade.pt\/es\/politica-de-privacidad\/\" \/>\n<meta property=\"og:locale\" content=\"es_ES\" \/>\n<meta property=\"og:type\" content=\"article\" \/>\n<meta property=\"og:title\" content=\"POL\u00cdTICA DE PRIVACIDAD - Cervejaria Trindade\" \/>\n<meta property=\"og:description\" content=\"[vc_row el_class=\u00bbpoliticas seccao-normal\u00bb][vc_column][vc_column_text] POL\u00cdTICA DE PRIVACIDAD TOBAGO RESTAURA\u00c7\u00c3O, S.A. tratar\u00e1 sus datos personales en calidad de responsable del tratamiento, garantizando su confidencialidad y seguridad, sobre la base del consentimiento prestado, con la finalidad de recibir, analizar y remitir candidaturas espont\u00e1neas y en el \u00e1mbito de los procesos de selecci\u00f3n de personal. No se comunicar\u00e1n datos [&hellip;]\" \/>\n<meta property=\"og:url\" content=\"https:\/\/www.cervejariatrindade.pt\/es\/politica-de-privacidad\/\" \/>\n<meta property=\"og:site_name\" content=\"Cervejaria Trindade\" \/>\n<meta property=\"article:publisher\" content=\"https:\/\/www.facebook.com\/cervejariatrindade.oficial\" \/>\n<meta property=\"article:modified_time\" content=\"2023-11-12T11:44:16+00:00\" \/>\n<meta property=\"og:image\" content=\"https:\/\/www.cervejariatrindade.pt\/wp-content\/uploads\/2022\/09\/trindade.jpg\" \/>\n\t<meta property=\"og:image:width\" content=\"2027\" \/>\n\t<meta property=\"og:image:height\" content=\"1101\" \/>\n\t<meta property=\"og:image:type\" content=\"image\/jpeg\" \/>\n<meta name=\"twitter:card\" content=\"summary_large_image\" \/>\n<meta name=\"twitter:label1\" content=\"Tiempo de lectura\" \/>\n\t<meta name=\"twitter:data1\" content=\"6 minutos\" \/>\n<script type=\"application\/ld+json\" class=\"yoast-schema-graph\">{\"@context\":\"https:\/\/schema.org\",\"@graph\":[{\"@type\":\"WebPage\",\"@id\":\"https:\/\/www.cervejariatrindade.pt\/es\/politica-de-privacidad\/\",\"url\":\"https:\/\/www.cervejariatrindade.pt\/es\/politica-de-privacidad\/\",\"name\":\"POL\u00cdTICA DE PRIVACIDAD - Cervejaria Trindade\",\"isPartOf\":{\"@id\":\"https:\/\/www.cervejariatrindade.pt\/#website\"},\"datePublished\":\"2022-09-20T15:53:59+00:00\",\"dateModified\":\"2023-11-12T11:44:16+00:00\",\"breadcrumb\":{\"@id\":\"https:\/\/www.cervejariatrindade.pt\/es\/politica-de-privacidad\/#breadcrumb\"},\"inLanguage\":\"es\",\"potentialAction\":[{\"@type\":\"ReadAction\",\"target\":[\"https:\/\/www.cervejariatrindade.pt\/es\/politica-de-privacidad\/\"]}]},{\"@type\":\"BreadcrumbList\",\"@id\":\"https:\/\/www.cervejariatrindade.pt\/es\/politica-de-privacidad\/#breadcrumb\",\"itemListElement\":[{\"@type\":\"ListItem\",\"position\":1,\"name\":\"In\u00edcio\",\"item\":\"https:\/\/www.cervejariatrindade.pt\/es\/\"},{\"@type\":\"ListItem\",\"position\":2,\"name\":\"POL\u00cdTICA DE PRIVACIDAD\"}]},{\"@type\":\"WebSite\",\"@id\":\"https:\/\/www.cervejariatrindade.pt\/#website\",\"url\":\"https:\/\/www.cervejariatrindade.pt\/\",\"name\":\"Cervejaria Trindade\",\"description\":\"\",\"publisher\":{\"@id\":\"https:\/\/www.cervejariatrindade.pt\/#organization\"},\"potentialAction\":[{\"@type\":\"SearchAction\",\"target\":{\"@type\":\"EntryPoint\",\"urlTemplate\":\"https:\/\/www.cervejariatrindade.pt\/?s={search_term_string}\"},\"query-input\":{\"@type\":\"PropertyValueSpecification\",\"valueRequired\":true,\"valueName\":\"search_term_string\"}}],\"inLanguage\":\"es\"},{\"@type\":\"Organization\",\"@id\":\"https:\/\/www.cervejariatrindade.pt\/#organization\",\"name\":\"Cervejaria Trindade\",\"url\":\"https:\/\/www.cervejariatrindade.pt\/\",\"logo\":{\"@type\":\"ImageObject\",\"inLanguage\":\"es\",\"@id\":\"https:\/\/www.cervejariatrindade.pt\/#\/schema\/logo\/image\/\",\"url\":\"https:\/\/www.cervejariatrindade.pt\/wp-content\/uploads\/2022\/09\/trindade.jpg\",\"contentUrl\":\"https:\/\/www.cervejariatrindade.pt\/wp-content\/uploads\/2022\/09\/trindade.jpg\",\"width\":2027,\"height\":1101,\"caption\":\"Cervejaria Trindade\"},\"image\":{\"@id\":\"https:\/\/www.cervejariatrindade.pt\/#\/schema\/logo\/image\/\"},\"sameAs\":[\"https:\/\/www.facebook.com\/cervejariatrindade.oficial\",\"https:\/\/www.instagram.com\/acervejariatrindade\/\",\"https:\/\/www.linkedin.com\/company\/portugalia-restauracao\/\"]}]}<\/script>\n<!-- \/ Yoast SEO plugin. -->","yoast_head_json":{"title":"POL\u00cdTICA DE PRIVACIDAD - Cervejaria Trindade","robots":{"index":"index","follow":"follow","max-snippet":"max-snippet:-1","max-image-preview":"max-image-preview:large","max-video-preview":"max-video-preview:-1"},"canonical":"https:\/\/www.cervejariatrindade.pt\/es\/politica-de-privacidad\/","og_locale":"es_ES","og_type":"article","og_title":"POL\u00cdTICA DE PRIVACIDAD - Cervejaria Trindade","og_description":"[vc_row el_class=\u00bbpoliticas seccao-normal\u00bb][vc_column][vc_column_text] POL\u00cdTICA DE PRIVACIDAD TOBAGO RESTAURA\u00c7\u00c3O, S.A. tratar\u00e1 sus datos personales en calidad de responsable del tratamiento, garantizando su confidencialidad y seguridad, sobre la base del consentimiento prestado, con la finalidad de recibir, analizar y remitir candidaturas espont\u00e1neas y en el \u00e1mbito de los procesos de selecci\u00f3n de personal. No se comunicar\u00e1n datos [&hellip;]","og_url":"https:\/\/www.cervejariatrindade.pt\/es\/politica-de-privacidad\/","og_site_name":"Cervejaria Trindade","article_publisher":"https:\/\/www.facebook.com\/cervejariatrindade.oficial","article_modified_time":"2023-11-12T11:44:16+00:00","og_image":[{"width":2027,"height":1101,"url":"https:\/\/www.cervejariatrindade.pt\/wp-content\/uploads\/2022\/09\/trindade.jpg","type":"image\/jpeg"}],"twitter_card":"summary_large_image","twitter_misc":{"Tiempo de lectura":"6 minutos"},"schema":{"@context":"https:\/\/schema.org","@graph":[{"@type":"WebPage","@id":"https:\/\/www.cervejariatrindade.pt\/es\/politica-de-privacidad\/","url":"https:\/\/www.cervejariatrindade.pt\/es\/politica-de-privacidad\/","name":"POL\u00cdTICA DE PRIVACIDAD - Cervejaria Trindade","isPartOf":{"@id":"https:\/\/www.cervejariatrindade.pt\/#website"},"datePublished":"2022-09-20T15:53:59+00:00","dateModified":"2023-11-12T11:44:16+00:00","breadcrumb":{"@id":"https:\/\/www.cervejariatrindade.pt\/es\/politica-de-privacidad\/#breadcrumb"},"inLanguage":"es","potentialAction":[{"@type":"ReadAction","target":["https:\/\/www.cervejariatrindade.pt\/es\/politica-de-privacidad\/"]}]},{"@type":"BreadcrumbList","@id":"https:\/\/www.cervejariatrindade.pt\/es\/politica-de-privacidad\/#breadcrumb","itemListElement":[{"@type":"ListItem","position":1,"name":"In\u00edcio","item":"https:\/\/www.cervejariatrindade.pt\/es\/"},{"@type":"ListItem","position":2,"name":"POL\u00cdTICA DE PRIVACIDAD"}]},{"@type":"WebSite","@id":"https:\/\/www.cervejariatrindade.pt\/#website","url":"https:\/\/www.cervejariatrindade.pt\/","name":"Cervejaria Trindade","description":"","publisher":{"@id":"https:\/\/www.cervejariatrindade.pt\/#organization"},"potentialAction":[{"@type":"SearchAction","target":{"@type":"EntryPoint","urlTemplate":"https:\/\/www.cervejariatrindade.pt\/?s={search_term_string}"},"query-input":{"@type":"PropertyValueSpecification","valueRequired":true,"valueName":"search_term_string"}}],"inLanguage":"es"},{"@type":"Organization","@id":"https:\/\/www.cervejariatrindade.pt\/#organization","name":"Cervejaria Trindade","url":"https:\/\/www.cervejariatrindade.pt\/","logo":{"@type":"ImageObject","inLanguage":"es","@id":"https:\/\/www.cervejariatrindade.pt\/#\/schema\/logo\/image\/","url":"https:\/\/www.cervejariatrindade.pt\/wp-content\/uploads\/2022\/09\/trindade.jpg","contentUrl":"https:\/\/www.cervejariatrindade.pt\/wp-content\/uploads\/2022\/09\/trindade.jpg","width":2027,"height":1101,"caption":"Cervejaria Trindade"},"image":{"@id":"https:\/\/www.cervejariatrindade.pt\/#\/schema\/logo\/image\/"},"sameAs":["https:\/\/www.facebook.com\/cervejariatrindade.oficial","https:\/\/www.instagram.com\/acervejariatrindade\/","https:\/\/www.linkedin.com\/company\/portugalia-restauracao\/"]}]}},"_links":{"self":[{"href":"https:\/\/www.cervejariatrindade.pt\/es\/wp-json\/wp\/v2\/pages\/2573","targetHints":{"allow":["GET"]}}],"collection":[{"href":"https:\/\/www.cervejariatrindade.pt\/es\/wp-json\/wp\/v2\/pages"}],"about":[{"href":"https:\/\/www.cervejariatrindade.pt\/es\/wp-json\/wp\/v2\/types\/page"}],"author":[{"embeddable":true,"href":"https:\/\/www.cervejariatrindade.pt\/es\/wp-json\/wp\/v2\/users\/2"}],"replies":[{"embeddable":true,"href":"https:\/\/www.cervejariatrindade.pt\/es\/wp-json\/wp\/v2\/comments?post=2573"}],"version-history":[{"count":5,"href":"https:\/\/www.cervejariatrindade.pt\/es\/wp-json\/wp\/v2\/pages\/2573\/revisions"}],"predecessor-version":[{"id":2578,"href":"https:\/\/www.cervejariatrindade.pt\/es\/wp-json\/wp\/v2\/pages\/2573\/revisions\/2578"}],"wp:attachment":[{"href":"https:\/\/www.cervejariatrindade.pt\/es\/wp-json\/wp\/v2\/media?parent=2573"}],"curies":[{"name":"wp","href":"https:\/\/api.w.org\/{rel}","templated":true}]}}