{"id":2552,"date":"2022-09-07T16:54:41","date_gmt":"2022-09-07T15:54:41","guid":{"rendered":"https:\/\/www.cervejariatrindade.pt\/la-cocina\/"},"modified":"2024-10-31T16:21:12","modified_gmt":"2024-10-31T16:21:12","slug":"la-cocina","status":"publish","type":"page","link":"https:\/\/www.cervejariatrindade.pt\/es\/la-cocina\/","title":{"rendered":"LA COCINA"},"content":{"rendered":"<div class=\"wpb-content-wrapper\"><p>[vc_row full_height=\u00bbyes\u00bb css=\u00bb.vc_custom_1662636456518{background-image: url(https:\/\/www.cervejariatrindade.pt\/wp-content\/uploads\/2022\/09\/ha-cozinha.jpg?id=739) !important;background-position: center !important;background-repeat: no-repeat !important;background-size: cover !important;}\u00bb el_id=\u00bbhero\u00bb el_class=\u00bbseccao-normal seccao-azul hero-ha-cozinha\u00bb][vc_column width=\u00bb1\/4&#8243;][\/vc_column][vc_column width=\u00bb1\/2&#8243;][vc_column_text css=\u00bb\u00bb el_class=\u00bbwhite\u00bb]<\/p>\n<h1 style=\"text-align: center;\">LA COCINA<\/h1>\n<h3 style=\"text-align: center;\">En la Trindade, los sabores son originales. La cocina se caracteriza por la sencillez, la autenticidad y la combinaci\u00f3n de buena comida, buen ambiente y buena compa\u00f1\u00eda.<\/h3>\n<p>[\/vc_column_text][vc_column_text el_class=\u00bbscroll-down\u00bb]<\/p>\n<p style=\"text-align: center;\"><a href=\"#ha-cozinha\">DESPLAZAR<\/a><\/p>\n<p>[\/vc_column_text][\/vc_column][vc_column width=\u00bb1\/4&#8243;][\/vc_column][\/vc_row][vc_row content_placement=\u00bbmiddle\u00bb el_class=\u00bbseccao-normal historia\u00bb][vc_column][vc_row_inner content_placement=\u00bbmiddle\u00bb][vc_column_inner width=\u00bb1\/2&#8243;][vc_column_text]<\/p>\n<h2 style=\"text-align: left;\">HAY TRADICI\u00d3N,<br \/>\nSABORES Y EL COMPARTIR.<\/h2>\n<p>[\/vc_column_text][vc_column_text css=\u00bb\u00bb]Venir a Trindade es probar Lisboa, un descubrimiento de sabores. Con el ADN de la cocina portuguesa, aqu\u00ed se alimenta la curiosidad y el descubrimiento.[\/vc_column_text][\/vc_column_inner][vc_column_inner el_class=\u00bbhistoria-img-bottom\u00bb width=\u00bb1\/2&#8243;][vc_single_image image=\u00bb3043&#8243; img_size=\u00bbfull\u00bb alignment=\u00bbcenter\u00bb el_class=\u00bbrounded-corners\u00bb][\/vc_column_inner][\/vc_row_inner][vc_row_inner content_placement=\u00bbmiddle\u00bb][vc_column_inner width=\u00bb1\/2&#8243;][vc_single_image image=\u00bb766&#8243; img_size=\u00bbfull\u00bb alignment=\u00bbcenter\u00bb el_class=\u00bbrounded-corners\u00bb][\/vc_column_inner][vc_column_inner width=\u00bb1\/2&#8243;][vc_column_text]<\/p>\n<h2 style=\"text-align: left;\">HAY CARNE, MARISCO<br \/>\nY TAPAS.<\/h2>\n<p>[\/vc_column_text][vc_column_text css=\u00bb\u00bb]En cada una de las impresionantes salas de Trindade, se sirven platos originales y tapas de una cocina pura con ingredientes de alta calidad, pero sencillos, sabrosos y hermosos.[\/vc_column_text][\/vc_column_inner][\/vc_row_inner][vc_row_inner content_placement=\u00bbmiddle\u00bb][vc_column_inner width=\u00bb1\/2&#8243;][vc_column_text]<\/p>\n<h2 style=\"text-align: left;\">TRINDADE: GENUINIDAD<br \/>\nY EL MEJOR FILETE<\/h2>\n<p>[\/vc_column_text][vc_column_text css=\u00bb\u00bb]Lisboa es sabor y la Trindade lo sabe. La historia gastron\u00f3mica de Lisboa es la de la fusi\u00f3n y comenz\u00f3 hace m\u00e1s de 500 a\u00f1os. A Lisboa llegaban condimentos e ingredientes provenientes de todas partes del mundo, que se integraron en la gastronom\u00eda y tradiciones de la ciudad. La Trindade fue bebiendo todas estas influencias, adoptando y reinterpretando recetas que se volvieron t\u00edpicas con el paso del tiempo.[\/vc_column_text][vc_column_text el_class=\u00bblink\u00bb]<a href=\"https:\/\/www.cervejariatrindade.pt\/es\/historia\/\">Conozca nuestra historia<\/a>[\/vc_column_text][\/vc_column_inner][vc_column_inner el_class=\u00bbhistoria-img-bottom\u00bb width=\u00bb1\/2&#8243;][vc_single_image image=\u00bb770&#8243; img_size=\u00bbfull\u00bb alignment=\u00bbcenter\u00bb el_class=\u00bbrounded-corners\u00bb][\/vc_column_inner][\/vc_row_inner][\/vc_column][\/vc_row][vc_row el_class=\u00bbsala-branca\u00bb][vc_column][vc_column_text]<div data-post-id=\"2585\" class=\"insert-page insert-page-2585 \"><style type=\"text\/css\" data-type=\"vc_custom-css\">@media screen and (max-width:768px) {\r\n    .teaser-petiscaria-mobile {\r\n    margin-top:60px\r\n    };\r\n}<\/style><div class=\"wpb-content-wrapper\"><p>[vc_row el_class=\u00bbteaser-petiscaria-e-restaurante sala-branca\u00bb][vc_column width=\u00bb1\/2&#8243;][vc_single_image image=\u00bb1838&#8243; img_size=\u00bbfull\u00bb el_class=\u00bbimg-em-arco\u00bb][vc_column_text]<\/p>\n<h3 style=\"text-align: center;\">Restaurante<\/h3>\n<p>[\/vc_column_text][vc_column_text]<\/p>\n<p style=\"text-align: center;\">Una carta de restaurante m\u00e1s completa, cocina sencilla, original y moderna.<\/p>\n<p>[\/vc_column_text][vc_column_text el_class=\u00bblink\u00bb]<\/p>\n<p style=\"text-align: center;\"><a href=\"https:\/\/www.cervejariatrindade.pt\/es\/el-restaurante\/\">Ver Restaurante<\/a><\/p>\n<p>[\/vc_column_text][\/vc_column][vc_column width=\u00bb1\/2&#8243; el_class=\u00bbteaser-petiscaria-mobile\u00bb][vc_single_image image=\u00bb2386&#8243; img_size=\u00bbfull\u00bb el_class=\u00bbimg-em-arco\u00bb][vc_column_text]<\/p>\n<h3 style=\"text-align: center;\">Petiscaria<\/h3>\n<p>[\/vc_column_text][vc_column_text]<\/p>\n<p style=\"text-align: center;\">Un ambiente m\u00e1s informal y una cocina donde degustar muchos sabores.<\/p>\n<p>[\/vc_column_text][vc_column_text el_class=\u00bblink\u00bb]<\/p>\n<p style=\"text-align: center;\"><a href=\"https:\/\/www.cervejariatrindade.pt\/es\/bar-de-tapas\/\">Ver Petiscaria<\/a><\/p>\n<p>[\/vc_column_text][\/vc_column][\/vc_row]<\/p>\n<\/div><\/div>[\/vc_column_text][\/vc_column][\/vc_row][vc_row el_class=\u00bbseccao-teaser-eventos\u00bb][vc_column][vc_column_text][\/vc_column_text][\/vc_column][\/vc_row][vc_row el_class=\u00bbseccao-normal navegacao-pre-footer\u00bb][vc_column width=\u00bb1\/2&#8243;][vc_column_text el_class=\u00bbback\u00bb]<\/p>\n<p style=\"text-align: left;\"><a href=\"https:\/\/www.cervejariatrindade.pt\/es\/\">Volver al principio<\/a><\/p>\n<p>[\/vc_column_text][\/vc_column][vc_column width=\u00bb1\/2&#8243;][vc_column_text el_class=\u00bbforward\u00bb]<\/p>\n<p style=\"text-align: right;\"><a href=\"https:\/\/www.cervejariatrindade.pt\/es\/el-restaurante\/\">Ver Restaurante<\/a><\/p>\n<p>[\/vc_column_text][\/vc_column][\/vc_row][vc_row el_class=\u00bbnewsletter-pre-footer\u00bb][vc_column][vc_column_text]<div data-post-id=\"2018\" class=\"insert-page insert-page-2018 \"><style type=\"text\/css\" data-type=\"vc_custom-css\">.bloco-newsletter {\r\n    background:#041E42;\r\n    padding:40px 55px;\r\n}\r\n\r\n.bloco-newsletter h2 {\r\n    color: #904D30;\r\n    font-size: 20px;\r\n}\r\n\r\n.bloco-newsletter p {\r\n    color: #fff;\r\n    font-size: 14px;\r\n    text-transform:uppercase;\r\n    padding-right:40px;\r\n}\r\n\r\n.bloco-newsletter input {\r\n    background: rgba(255,255,255,0.4);\r\n    border: none;\r\n    padding: 10px 25px;\r\n    border-radius: 50px;\r\n    float: left;\r\n    min-width: 60%;\r\n    color: rgba(255,255,255,.5);\r\n    text-transform: uppercase;\r\n    font-size: 14px;\r\n    letter-spacing: .05rem;\r\n}\r\n\r\n\r\n.bloco-newsletter input#mc-embedded-subscribe {\r\n    border: none;\r\n    padding: 10px 25px;\r\n    border-radius: 50px;\r\n    float: left;\r\n    margin-left: -40px;\r\n    min-width: 40%;\r\n    background: rgb(110,50,40);\r\n    background: -moz-linear-gradient(75deg, rgba(110,50,40,1) 0%, rgba(160,90,60,1) 100%);\r\n    background: -webkit-linear-gradient(75deg, rgba(110,50,40,1) 0%, rgba(160,90,60,1) 100%);\r\n    background: linear-gradient(75deg, rgba(110,50,40,1) 0%, rgba(160,90,60,1) 100%);\r\n    filter: progid:DXImageTransform.Microsoft.gradient(startColorstr=&quot;#6e3228&quot;,endColorstr=&quot;#a05a3c&quot;,GradientType=1);\r\n    color:white;\r\n}\r\n\r\n.bloco-newsletter input#mc-embedded-subscribe:hover {\r\n    background: rgb(110,50,40);\r\n    background: -moz-linear-gradient(75deg, rgba(160,90,60,1) 0%, rgba(110,50,40,1) 100%);\r\n    background: -webkit-linear-gradient(75deg, rgba(160,90,60,1) 0%, rgba(110,50,40,1) 100%);\r\n    background: linear-gradient(75deg, rgba(160,90,60,1) 0%, rgba(110,50,40,1) 100%);\r\n    filter: progid:DXImageTransform.Microsoft.gradient(startColorstr=&quot;#a05a3c&quot;,endColorstr=&quot;#6e3228&quot;,GradientType=1);\r\n    color:white;\r\n}\r\n\r\n:focus-visible {\r\n    outline: none;\r\n    background: rgba(255,255,255,0.8);\r\n}\r\n\r\n.max-width {\r\n    max-width:1440px;\r\n    margin:0 auto;\r\n}\r\n\r\n@media screen and (max-width:768px) {\r\n    .bloco-newsletter {padding:40px 30px;}\r\n    .bloco-newsletter input#mc-embedded-subscribe {\r\n    float: unset;\r\n    min-width: 100%;\r\n    margin-left: 0px;\r\n    margin-top:5px;\r\n}\r\n.bloco-newsletter input {\r\n    float: unset;\r\n    min-width: 100%;\r\n    margin-top:20px;\r\n    text-align: center;\r\n}    \r\n}\r\n\r\n.mc-field-group.input-group {\r\n    display: block;\r\n    width: 100%;\r\n    position: absolute;\r\n    bottom: -40px;\r\n}\r\n\r\ninput#mce-MMERGE6-0 {\r\n    width: 20px;\r\n    min-width: unset!important;\r\n    margin-left:20px;\r\n}\r\n\r\n.mc-field-group.input-group li {\r\n    padding-left: 0px;\r\n    font-size: 80%;\r\n    color: #cdcdcd;\r\n    font-family: &#039;colfax-web&#039;;\r\n}\r\n\r\n.mc-field-group.input-group label {\r\n    font-weight: 100;\r\n    padding-left: 10px;\r\n}\r\n\r\n::placeholder {\r\n    color: rgba(255,255,255,.5);\r\n}\r\n\r\n\r\n@media screen and (max-width:768px) {\r\n .mc-field-group.input-group {\r\n    display: block;\r\n    width: 100%;\r\n    position: absolute;\r\n    bottom: -100px;\r\n}\r\n\r\n.bloco-newsletter {\r\n    padding: 40px 30px 140px;\r\n}\r\n\r\n.mc-field-group.input-group label {\r\n    width: 80%;\r\n}\r\n\r\ninput#mce-MMERGE6-0 {\r\n    margin-top: 5px!important;\r\n    vertical-align: top;\r\n}\r\n}<\/style><div class=\"wpb-content-wrapper\"><p>[vc_row content_placement=\u00bbmiddle\u00bb el_class=\u00bbbloco-newsletter\u00bb][vc_column][vc_row_inner content_placement=\u00bbmiddle\u00bb el_class=\u00bbmax-width\u00bb][vc_column_inner width=\u00bb1\/2&#8243;][vc_column_text]<\/p>\n<h2>BOLET\u00cdN DE NOTICIAS<\/h2>\n<p>SEA EL PRIMERO EN RECIBIR NOTICIAS, EVENTOS, OFERTAS Y EXPERIENCIAS EXCLUSIVAS EN SU BANDEJA DE ENTRADA[\/vc_column_text][\/vc_column_inner][vc_column_inner width=\u00bb1\/2&#8243;][vc_raw_html]PCEtLSBCZWdpbiBNYWlsY2hpbXAgU2lnbnVwIEZvcm0gLS0+CjxkaXYgaWQ9Im1jX2VtYmVkX3NpZ251cCI+CiAgICA8Zm9ybSBhY3Rpb249Imh0dHBzOi8vY2VydmVqYXJpYXRyaW5kYWRlLnVzMTMubGlzdC1tYW5hZ2UuY29tL3N1YnNjcmliZS9wb3N0P3U9NTA4MTk3OWE0ZWI5NGZjYTI5NWMxMzY0MyZhbXA7aWQ9YzgzZjAxMWZlNyZhbXA7Zl9pZD0wMDAyNjNlMmYwIiBtZXRob2Q9InBvc3QiIGlkPSJtYy1lbWJlZGRlZC1zdWJzY3JpYmUtZm9ybSIgbmFtZT0ibWMtZW1iZWRkZWQtc3Vic2NyaWJlLWZvcm0iIGNsYXNzPSJ2YWxpZGF0ZSIgdGFyZ2V0PSJfc2VsZiI+CiAgICAgICAgPGRpdiBpZD0ibWNfZW1iZWRfc2lnbnVwX3Njcm9sbCI+CiAgICAgICAgPGRpdiBjbGFzcz0ibWMtZmllbGQtZ3JvdXAiPgo8L2xhYmVsPgoJPGlucHV0IHR5cGU9ImVtYWlsIiBwbGFjZWhvbGRlcj0iRW1haWwiIHZhbHVlPSIiIG5hbWU9IkVNQUlMIiBjbGFzcz0icmVxdWlyZWQgZW1haWwiIGlkPSJtY2UtRU1BSUwiIHJlcXVpcmVkPSIiPgoJPHNwYW4gaWQ9Im1jZS1FTUFJTC1IRUxQRVJURVhUIiBjbGFzcz0iaGVscGVyX3RleHQiPjwvc3Bhbj4KPC9kaXY+CjxkaXYgY2xhc3M9Im1jLWZpZWxkLWdyb3VwIGlucHV0LWdyb3VwIj4KICAgIDx1bD48bGk+CiAgICA8aW5wdXQgdHlwZT0icmFkaW8iIHZhbHVlPSLigKIgSGUgbGXDrWRvIHkgYWNlcHRvIGxvcyBUw6lybWlub3MgeSBDb25kaWNpb25lcyB5IGxhIFBvbMOtdGljYSBkZSBQcml2YWNpZGFkIiBuYW1lPSJNTUVSR0U2IiBpZD0ibWNlLU1NRVJHRTYtMCI+CiAgICA8bGFiZWwgZm9yPSJtY2UtTU1FUkdFNi0wIj7igKIgSGUgbGXDrWRvIHkgYWNlcHRvIGxvcyBUw6lybWlub3MgeSBDb25kaWNpb25lcyB5IGxhIFBvbMOtdGljYSBkZSBQcml2YWNpZGFkPC9sYWJlbD4KPC9saT4KPC91bD4KICAgIDxzcGFuIGlkPSJtY2UtTU1FUkdFNi1IRUxQRVJURVhUIiBjbGFzcz0iaGVscGVyX3RleHQiPjwvc3Bhbj4KPC9kaXY+CgoJPGRpdiBpZD0ibWNlLXJlc3BvbnNlcyIgY2xhc3M9ImNsZWFyIGZvb3QiPgoJCTxkaXYgY2xhc3M9InJlc3BvbnNlIiBpZD0ibWNlLWVycm9yLXJlc3BvbnNlIiBzdHlsZT0iZGlzcGxheTpub25lIj48L2Rpdj4KCQk8ZGl2IGNsYXNzPSJyZXNwb25zZSIgaWQ9Im1jZS1zdWNjZXNzLXJlc3BvbnNlIiBzdHlsZT0iZGlzcGxheTpub25lIj48L2Rpdj4KCTwvZGl2PiAgICA8IS0tIHJlYWwgcGVvcGxlIHNob3VsZCBub3QgZmlsbCB0aGlzIGluIGFuZCBleHBlY3QgZ29vZCB0aGluZ3MgLSBkbyBub3QgcmVtb3ZlIHRoaXMgb3IgcmlzayBmb3JtIGJvdCBzaWdudXBzLS0+CiAgICA8ZGl2IHN0eWxlPSJwb3NpdGlvbjogYWJzb2x1dGU7IGxlZnQ6IC01MDAwcHg7IiBhcmlhLWhpZGRlbj0idHJ1ZSI+PGlucHV0IHR5cGU9InRleHQiIG5hbWU9ImJfNTA4MTk3OWE0ZWI5NGZjYTI5NWMxMzY0M19jODNmMDExZmU3IiB0YWJpbmRleD0iLTEiIHZhbHVlPSIiPjwvZGl2PgogICAgICAgIDxkaXYgY2xhc3M9Im9wdGlvbmFsUGFyZW50Ij4KICAgICAgICAgICAgPGRpdiBjbGFzcz0iY2xlYXIgZm9vdCI+CiAgICAgICAgICAgICAgICA8aW5wdXQgdHlwZT0ic3VibWl0IiB2YWx1ZT0iU3VzY3LDrWJhc2UiIG5hbWU9InN1YnNjcmliZSIgaWQ9Im1jLWVtYmVkZGVkLXN1YnNjcmliZSIgY2xhc3M9ImJ1dHRvbiI+CiAgICAgICAgICAgIDwvZGl2PgogICAgICAgIDwvZGl2PgogICAgPC9kaXY+CjwvZm9ybT4KPC9kaXY+Cgo8IS0tRW5kIG1jX2VtYmVkX3NpZ251cC0tPg==[\/vc_raw_html][\/vc_column_inner][\/vc_row_inner][\/vc_column][\/vc_row]<\/p>\n<\/div><\/div>[\/vc_column_text][\/vc_column][\/vc_row]<\/p>\n<\/div>","protected":false},"excerpt":{"rendered":"<p>[vc_row full_height=\u00bbyes\u00bb css=\u00bb.vc_custom_1662636456518{background-image: url(https:\/\/www.cervejariatrindade.pt\/wp-content\/uploads\/2022\/09\/ha-cozinha.jpg?id=739) !important;background-position: center !important;background-repeat: no-repeat !important;background-size: cover !important;}\u00bb el_id=\u00bbhero\u00bb el_class=\u00bbseccao-normal seccao-azul hero-ha-cozinha\u00bb][vc_column width=\u00bb1\/4&#8243;][\/vc_column][vc_column width=\u00bb1\/2&#8243;][vc_column_text css=\u00bb\u00bb el_class=\u00bbwhite\u00bb] LA COCINA En la Trindade, los sabores son originales. La cocina se caracteriza por la sencillez, la autenticidad y la combinaci\u00f3n de buena comida, buen ambiente y buena compa\u00f1\u00eda. [\/vc_column_text][vc_column_text el_class=\u00bbscroll-down\u00bb] DESPLAZAR [\/vc_column_text][\/vc_column][vc_column width=\u00bb1\/4&#8243;][\/vc_column][\/vc_row][vc_row content_placement=\u00bbmiddle\u00bb el_class=\u00bbseccao-normal [&hellip;]<\/p>\n","protected":false},"author":2,"featured_media":0,"parent":0,"menu_order":0,"comment_status":"closed","ping_status":"closed","template":"","meta":{"inline_featured_image":false,"footnotes":""},"class_list":["post-2552","page","type-page","status-publish","hentry"],"yoast_head":"<!-- This site is optimized with the Yoast SEO plugin v23.7 - https:\/\/yoast.com\/wordpress\/plugins\/seo\/ -->\n<title>Trindade - Cocina - Alexandre Silva<\/title>\n<meta name=\"description\" content=\"En Trindade, la cocina se caracteriza por la sencillez, la autenticidad y la combinaci\u00f3n de buena comida, buen ambiente y buena compa\u00f1\u00eda.\" \/>\n<meta name=\"robots\" content=\"index, follow, max-snippet:-1, max-image-preview:large, max-video-preview:-1\" \/>\n<link rel=\"canonical\" href=\"https:\/\/www.cervejariatrindade.pt\/es\/la-cocina\/\" \/>\n<meta property=\"og:locale\" content=\"es_ES\" \/>\n<meta property=\"og:type\" content=\"article\" \/>\n<meta property=\"og:title\" content=\"Trindade - Cocina - Alexandre Silva\" \/>\n<meta property=\"og:description\" content=\"En Trindade, la cocina se caracteriza por la sencillez, la autenticidad y la combinaci\u00f3n de buena comida, buen ambiente y buena compa\u00f1\u00eda.\" \/>\n<meta property=\"og:url\" content=\"https:\/\/www.cervejariatrindade.pt\/es\/la-cocina\/\" \/>\n<meta property=\"og:site_name\" content=\"Cervejaria Trindade\" \/>\n<meta property=\"article:publisher\" content=\"https:\/\/www.facebook.com\/cervejariatrindade.oficial\" \/>\n<meta property=\"article:modified_time\" content=\"2024-10-31T16:21:12+00:00\" \/>\n<meta property=\"og:image\" content=\"https:\/\/www.cervejariatrindade.pt\/wp-content\/uploads\/2022\/09\/trindade.jpg\" \/>\n\t<meta property=\"og:image:width\" content=\"2027\" \/>\n\t<meta property=\"og:image:height\" content=\"1101\" \/>\n\t<meta property=\"og:image:type\" content=\"image\/jpeg\" \/>\n<meta name=\"twitter:card\" content=\"summary_large_image\" \/>\n<meta name=\"twitter:label1\" content=\"Tiempo de lectura\" \/>\n\t<meta name=\"twitter:data1\" content=\"3 minutos\" \/>\n<script type=\"application\/ld+json\" class=\"yoast-schema-graph\">{\"@context\":\"https:\/\/schema.org\",\"@graph\":[{\"@type\":\"WebPage\",\"@id\":\"https:\/\/www.cervejariatrindade.pt\/es\/la-cocina\/\",\"url\":\"https:\/\/www.cervejariatrindade.pt\/es\/la-cocina\/\",\"name\":\"Trindade - Cocina - Alexandre Silva\",\"isPartOf\":{\"@id\":\"https:\/\/www.cervejariatrindade.pt\/#website\"},\"datePublished\":\"2022-09-07T15:54:41+00:00\",\"dateModified\":\"2024-10-31T16:21:12+00:00\",\"description\":\"En Trindade, la cocina se caracteriza por la sencillez, la autenticidad y la combinaci\u00f3n de buena comida, buen ambiente y buena compa\u00f1\u00eda.\",\"breadcrumb\":{\"@id\":\"https:\/\/www.cervejariatrindade.pt\/es\/la-cocina\/#breadcrumb\"},\"inLanguage\":\"es\",\"potentialAction\":[{\"@type\":\"ReadAction\",\"target\":[\"https:\/\/www.cervejariatrindade.pt\/es\/la-cocina\/\"]}]},{\"@type\":\"BreadcrumbList\",\"@id\":\"https:\/\/www.cervejariatrindade.pt\/es\/la-cocina\/#breadcrumb\",\"itemListElement\":[{\"@type\":\"ListItem\",\"position\":1,\"name\":\"In\u00edcio\",\"item\":\"https:\/\/www.cervejariatrindade.pt\/es\/\"},{\"@type\":\"ListItem\",\"position\":2,\"name\":\"LA COCINA\"}]},{\"@type\":\"WebSite\",\"@id\":\"https:\/\/www.cervejariatrindade.pt\/#website\",\"url\":\"https:\/\/www.cervejariatrindade.pt\/\",\"name\":\"Cervejaria Trindade\",\"description\":\"\",\"publisher\":{\"@id\":\"https:\/\/www.cervejariatrindade.pt\/#organization\"},\"potentialAction\":[{\"@type\":\"SearchAction\",\"target\":{\"@type\":\"EntryPoint\",\"urlTemplate\":\"https:\/\/www.cervejariatrindade.pt\/?s={search_term_string}\"},\"query-input\":{\"@type\":\"PropertyValueSpecification\",\"valueRequired\":true,\"valueName\":\"search_term_string\"}}],\"inLanguage\":\"es\"},{\"@type\":\"Organization\",\"@id\":\"https:\/\/www.cervejariatrindade.pt\/#organization\",\"name\":\"Cervejaria Trindade\",\"url\":\"https:\/\/www.cervejariatrindade.pt\/\",\"logo\":{\"@type\":\"ImageObject\",\"inLanguage\":\"es\",\"@id\":\"https:\/\/www.cervejariatrindade.pt\/#\/schema\/logo\/image\/\",\"url\":\"https:\/\/www.cervejariatrindade.pt\/wp-content\/uploads\/2022\/09\/trindade.jpg\",\"contentUrl\":\"https:\/\/www.cervejariatrindade.pt\/wp-content\/uploads\/2022\/09\/trindade.jpg\",\"width\":2027,\"height\":1101,\"caption\":\"Cervejaria Trindade\"},\"image\":{\"@id\":\"https:\/\/www.cervejariatrindade.pt\/#\/schema\/logo\/image\/\"},\"sameAs\":[\"https:\/\/www.facebook.com\/cervejariatrindade.oficial\",\"https:\/\/www.instagram.com\/acervejariatrindade\/\",\"https:\/\/www.linkedin.com\/company\/portugalia-restauracao\/\"]}]}<\/script>\n<!-- \/ Yoast SEO plugin. -->","yoast_head_json":{"title":"Trindade - Cocina - Alexandre Silva","description":"En Trindade, la cocina se caracteriza por la sencillez, la autenticidad y la combinaci\u00f3n de buena comida, buen ambiente y buena compa\u00f1\u00eda.","robots":{"index":"index","follow":"follow","max-snippet":"max-snippet:-1","max-image-preview":"max-image-preview:large","max-video-preview":"max-video-preview:-1"},"canonical":"https:\/\/www.cervejariatrindade.pt\/es\/la-cocina\/","og_locale":"es_ES","og_type":"article","og_title":"Trindade - Cocina - Alexandre Silva","og_description":"En Trindade, la cocina se caracteriza por la sencillez, la autenticidad y la combinaci\u00f3n de buena comida, buen ambiente y buena compa\u00f1\u00eda.","og_url":"https:\/\/www.cervejariatrindade.pt\/es\/la-cocina\/","og_site_name":"Cervejaria Trindade","article_publisher":"https:\/\/www.facebook.com\/cervejariatrindade.oficial","article_modified_time":"2024-10-31T16:21:12+00:00","og_image":[{"width":2027,"height":1101,"url":"https:\/\/www.cervejariatrindade.pt\/wp-content\/uploads\/2022\/09\/trindade.jpg","type":"image\/jpeg"}],"twitter_card":"summary_large_image","twitter_misc":{"Tiempo de lectura":"3 minutos"},"schema":{"@context":"https:\/\/schema.org","@graph":[{"@type":"WebPage","@id":"https:\/\/www.cervejariatrindade.pt\/es\/la-cocina\/","url":"https:\/\/www.cervejariatrindade.pt\/es\/la-cocina\/","name":"Trindade - Cocina - Alexandre Silva","isPartOf":{"@id":"https:\/\/www.cervejariatrindade.pt\/#website"},"datePublished":"2022-09-07T15:54:41+00:00","dateModified":"2024-10-31T16:21:12+00:00","description":"En Trindade, la cocina se caracteriza por la sencillez, la autenticidad y la combinaci\u00f3n de buena comida, buen ambiente y buena compa\u00f1\u00eda.","breadcrumb":{"@id":"https:\/\/www.cervejariatrindade.pt\/es\/la-cocina\/#breadcrumb"},"inLanguage":"es","potentialAction":[{"@type":"ReadAction","target":["https:\/\/www.cervejariatrindade.pt\/es\/la-cocina\/"]}]},{"@type":"BreadcrumbList","@id":"https:\/\/www.cervejariatrindade.pt\/es\/la-cocina\/#breadcrumb","itemListElement":[{"@type":"ListItem","position":1,"name":"In\u00edcio","item":"https:\/\/www.cervejariatrindade.pt\/es\/"},{"@type":"ListItem","position":2,"name":"LA COCINA"}]},{"@type":"WebSite","@id":"https:\/\/www.cervejariatrindade.pt\/#website","url":"https:\/\/www.cervejariatrindade.pt\/","name":"Cervejaria Trindade","description":"","publisher":{"@id":"https:\/\/www.cervejariatrindade.pt\/#organization"},"potentialAction":[{"@type":"SearchAction","target":{"@type":"EntryPoint","urlTemplate":"https:\/\/www.cervejariatrindade.pt\/?s={search_term_string}"},"query-input":{"@type":"PropertyValueSpecification","valueRequired":true,"valueName":"search_term_string"}}],"inLanguage":"es"},{"@type":"Organization","@id":"https:\/\/www.cervejariatrindade.pt\/#organization","name":"Cervejaria Trindade","url":"https:\/\/www.cervejariatrindade.pt\/","logo":{"@type":"ImageObject","inLanguage":"es","@id":"https:\/\/www.cervejariatrindade.pt\/#\/schema\/logo\/image\/","url":"https:\/\/www.cervejariatrindade.pt\/wp-content\/uploads\/2022\/09\/trindade.jpg","contentUrl":"https:\/\/www.cervejariatrindade.pt\/wp-content\/uploads\/2022\/09\/trindade.jpg","width":2027,"height":1101,"caption":"Cervejaria Trindade"},"image":{"@id":"https:\/\/www.cervejariatrindade.pt\/#\/schema\/logo\/image\/"},"sameAs":["https:\/\/www.facebook.com\/cervejariatrindade.oficial","https:\/\/www.instagram.com\/acervejariatrindade\/","https:\/\/www.linkedin.com\/company\/portugalia-restauracao\/"]}]}},"_links":{"self":[{"href":"https:\/\/www.cervejariatrindade.pt\/es\/wp-json\/wp\/v2\/pages\/2552","targetHints":{"allow":["GET"]}}],"collection":[{"href":"https:\/\/www.cervejariatrindade.pt\/es\/wp-json\/wp\/v2\/pages"}],"about":[{"href":"https:\/\/www.cervejariatrindade.pt\/es\/wp-json\/wp\/v2\/types\/page"}],"author":[{"embeddable":true,"href":"https:\/\/www.cervejariatrindade.pt\/es\/wp-json\/wp\/v2\/users\/2"}],"replies":[{"embeddable":true,"href":"https:\/\/www.cervejariatrindade.pt\/es\/wp-json\/wp\/v2\/comments?post=2552"}],"version-history":[{"count":34,"href":"https:\/\/www.cervejariatrindade.pt\/es\/wp-json\/wp\/v2\/pages\/2552\/revisions"}],"predecessor-version":[{"id":3075,"href":"https:\/\/www.cervejariatrindade.pt\/es\/wp-json\/wp\/v2\/pages\/2552\/revisions\/3075"}],"wp:attachment":[{"href":"https:\/\/www.cervejariatrindade.pt\/es\/wp-json\/wp\/v2\/media?parent=2552"}],"curies":[{"name":"wp","href":"https:\/\/api.w.org\/{rel}","templated":true}]}}